{"id":19,"date":"2021-01-31T23:41:02","date_gmt":"2021-01-31T23:41:02","guid":{"rendered":"http:\/\/www.mgmarcon.com.br\/?page_id=19"},"modified":"2021-02-23T09:45:03","modified_gmt":"2021-02-23T12:45:03","slug":"servicos","status":"publish","type":"page","link":"https:\/\/mgmarcon.com.br\/?page_id=19","title":{"rendered":"INTERNET                                        VIA SATELITE"},"content":{"rendered":"\n<h1 class=\"wp-block-heading\"><\/h1>\n\n\n\n<p>Temos a solu\u00e7\u00e3o de conectividade para transmiss\u00e3o de dados, voz e v\u00eddeo em todo territ\u00f3rio brasileiro. Conectividade via sat\u00e9lite de qualidade e segura para o seu neg\u00f3cio. Isat \u00e9 o \u00fanico produto de conectividade via sat\u00e9lite de alta velocidade e alta disponibilidade.<\/p>\n\n\n\n<pre class=\"wp-block-preformatted\"><\/pre>\n\n\n\n<p><strong>FUNCIONALIDADES DO SISTEMA<\/strong><\/p>\n\n\n\n<p>-Acesso \u00e1 internet em alta velocidade.<br>-Sem limite de tr\u00e1fego de dados.<br>-Redes VPN (Virtual Private Network).<br>-Suporta v\u00eddeo confer\u00eancia Live streaming \/ M\u00eddias Sociais \u2013Transmiss\u00e3o de v\u00eddeo \/ Jornalismo.<br>-Suporte CFTV.<br>-Unidade m\u00f3vel.<br>-Ideal para lugares remotos com infra- estrutura prec\u00e1ria ou inexistente.<br>-VoIP.<br>-0% de perda do pacote.<br>-IP fixo \/ p\u00fablico.<br>-Alta disponibilidade de rede( minima 99,5%).<br>-Suporte 24x7X365.<br>-Teleportos e Backbones redundantes.<br>-Gerenciamento pr\u00f3 ativo de falhas nos recursos de rede.<br>-Infraestrutura como servi\u00e7o com comodato de equipamentos e garantia de troca.<br>-Implanta\u00e7\u00e3o \u00e1gil em qualquer local do Brasil.<\/p>\n\n\n\n<p><strong>SOLU\u00c7\u00d5ES SOB MEDIDA PARA TODOS OS NEG\u00d3CIOS<\/strong><\/p>\n\n\n\n<p><br><strong>Agroneg\u00f3cio:<\/strong><br>Internet, telefonia e seguran\u00e7a nos lugares mais remotos do Brasil.<\/p>\n\n\n\n<p><strong>Ind\u00fastria:<\/strong><br>Conectividade, servi\u00e7os de voz unificados e redes corporativas e  telessupervis\u00e3o.<\/p>\n\n\n\n<p><strong>Broadcast:<\/strong><br>UpLink m\u00f3vel para transmiss\u00f5es ao vivo.<\/p>\n\n\n\n<p><strong>Energia &amp; Utilities:<\/strong><br>Solu\u00e7\u00f5es customizadas de dados, voz e telessupervis\u00e3o para os setores de gera\u00e7\u00e3o, transmiss\u00e3o e distribui\u00e7\u00e3o de energia.<\/p>\n\n\n\n<p><strong>Telecomunica\u00e7\u00f5es:<\/strong><br>Conectividade Via Sat\u00e9lite complementar para Operadoras e ISPs.<\/p>\n","protected":false},"excerpt":{"rendered":"<p>Temos a solu\u00e7\u00e3o de conectividade para transmiss\u00e3o de dados, voz e v\u00eddeo em todo territ\u00f3rio brasileiro. Conectividade via sat\u00e9lite de qualidade e segura para o seu neg\u00f3cio. Isat \u00e9 o &#8230;<\/p>\n","protected":false},"author":1,"featured_media":0,"parent":0,"menu_order":0,"comment_status":"closed","ping_status":"closed","template":"","meta":[],"_links":{"self":[{"href":"https:\/\/mgmarcon.com.br\/index.php?rest_route=\/wp\/v2\/pages\/19"}],"collection":[{"href":"https:\/\/mgmarcon.com.br\/index.php?rest_route=\/wp\/v2\/pages"}],"about":[{"href":"https:\/\/mgmarcon.com.br\/index.php?rest_route=\/wp\/v2\/types\/page"}],"author":[{"embeddable":true,"href":"https:\/\/mgmarcon.com.br\/index.php?rest_route=\/wp\/v2\/users\/1"}],"replies":[{"embeddable":true,"href":"https:\/\/mgmarcon.com.br\/index.php?rest_route=%2Fwp%2Fv2%2Fcomments&post=19"}],"version-history":[{"count":3,"href":"https:\/\/mgmarcon.com.br\/index.php?rest_route=\/wp\/v2\/pages\/19\/revisions"}],"predecessor-version":[{"id":153,"href":"https:\/\/mgmarcon.com.br\/index.php?rest_route=\/wp\/v2\/pages\/19\/revisions\/153"}],"wp:attachment":[{"href":"https:\/\/mgmarcon.com.br\/index.php?rest_route=%2Fwp%2Fv2%2Fmedia&parent=19"}],"curies":[{"name":"wp","href":"https:\/\/api.w.org\/{rel}","templated":true}]}}