{"id":43,"date":"2021-02-03T22:48:53","date_gmt":"2021-02-03T22:48:53","guid":{"rendered":"http:\/\/mgmarcon.com.br\/?page_id=43"},"modified":"2021-02-16T17:00:25","modified_gmt":"2021-02-16T20:00:25","slug":"drone","status":"publish","type":"page","link":"https:\/\/mgmarcon.com.br\/?page_id=43","title":{"rendered":"DRONE"},"content":{"rendered":"\n<p><strong>Realizamos imagens aereas em eventos, ambientes industriais e no agroneg\u00f3cio.<\/strong><\/p>\n\n\n\n<p><\/p>\n\n\n\n<p><strong>AGRONEG\u00d3CIO<\/strong><br>O mapeamento da lavoura \u00e9 realizado a partir do voo com drone para capturar imagens atualizadas e de alta resolu\u00e7\u00e3o. Assim, o processo de inspe\u00e7\u00e3o agr\u00edcola ocorre com maior agilidade e precis\u00e3o.<br><strong>IDENTIFICA\u00c7\u00c3O DE PONTOS CR\u00cdTICOS<\/strong><br>Com o uso de intelig\u00eancia artificial s\u00e3o identificados, quantificados e georreferenciados pontos de falha de plantio, daninhas, amassamento, defici\u00eancia nutricional e eros\u00e3o, al\u00e9m da contagem de indiv\u00edduos e mapas de aplica\u00e7\u00e3o em taxa vari\u00e1vel.<\/p>\n\n\n\n<p><\/p>\n","protected":false},"excerpt":{"rendered":"<p>Realizamos imagens aereas em eventos, ambientes industriais e no agroneg\u00f3cio. AGRONEG\u00d3CIOO mapeamento da lavoura \u00e9 realizado a partir do voo com drone para capturar imagens atualizadas e de alta resolu\u00e7\u00e3o. &#8230;<\/p>\n","protected":false},"author":1,"featured_media":0,"parent":19,"menu_order":4,"comment_status":"closed","ping_status":"closed","template":"","meta":[],"_links":{"self":[{"href":"https:\/\/mgmarcon.com.br\/index.php?rest_route=\/wp\/v2\/pages\/43"}],"collection":[{"href":"https:\/\/mgmarcon.com.br\/index.php?rest_route=\/wp\/v2\/pages"}],"about":[{"href":"https:\/\/mgmarcon.com.br\/index.php?rest_route=\/wp\/v2\/types\/page"}],"author":[{"embeddable":true,"href":"https:\/\/mgmarcon.com.br\/index.php?rest_route=\/wp\/v2\/users\/1"}],"replies":[{"embeddable":true,"href":"https:\/\/mgmarcon.com.br\/index.php?rest_route=%2Fwp%2Fv2%2Fcomments&post=43"}],"version-history":[{"count":6,"href":"https:\/\/mgmarcon.com.br\/index.php?rest_route=\/wp\/v2\/pages\/43\/revisions"}],"predecessor-version":[{"id":154,"href":"https:\/\/mgmarcon.com.br\/index.php?rest_route=\/wp\/v2\/pages\/43\/revisions\/154"}],"up":[{"embeddable":true,"href":"https:\/\/mgmarcon.com.br\/index.php?rest_route=\/wp\/v2\/pages\/19"}],"wp:attachment":[{"href":"https:\/\/mgmarcon.com.br\/index.php?rest_route=%2Fwp%2Fv2%2Fmedia&parent=43"}],"curies":[{"name":"wp","href":"https:\/\/api.w.org\/{rel}","templated":true}]}}