{"id":45,"date":"2021-02-03T22:49:36","date_gmt":"2021-02-03T22:49:36","guid":{"rendered":"http:\/\/mgmarcon.com.br\/?page_id=45"},"modified":"2021-02-24T13:52:42","modified_gmt":"2021-02-24T16:52:42","slug":"plataforma-app","status":"publish","type":"page","link":"https:\/\/mgmarcon.com.br\/?page_id=45","title":{"rendered":"PLATAFORMA APP"},"content":{"rendered":"\n<div class=\"wp-block-columns is-layout-flex wp-container-2\">\n<div class=\"wp-block-column is-layout-flow\" style=\"flex-basis:100%\"><\/div>\n<\/div>\n\n\n\n<p><strong>APRESENTA\u00c7\u00c3O DE CONTE\u00daDOS<\/strong><br>Em nosso APP os conte\u00fados s\u00e3o apresentados em forma de slide show.<br><strong>PESQUISA<\/strong><br>Voc\u00ea pode utilizar o bot\u00e3o de pesquisa para localizar conte\u00fado ou utilizar o menu para agrup\u00e1-los por tipo.<br><strong>BOLETINS<\/strong><br>O APP pode apresentar p\u00e1ginas HTML responsivas e arquivos PDF, que podem conter not\u00edcias, manuais, edi\u00e7\u00f5es de sua revista, artigos entre outras informa\u00e7\u00f5es.<br><strong>V\u00cdDEOS<\/strong><br>Voc\u00ea pode visualizar v\u00eddeos e apresenta\u00e7\u00f5es em Power Point. O APP identifica as caracter\u00edsticas do seu smartphone, qualidade da conex\u00e3o Internet ou banda 3G e solicita ao servidor que gere o streaming na melhor resolu\u00e7\u00e3o poss\u00edvel.<br><strong>GALERIA<\/strong><br>Voc\u00ea pode compartilhar a galeria de imagens. (eventos, reuni\u00f5es, etc&#8230;)<br><strong>AO VIVO<\/strong><br>Voc\u00ea pode realizar transmiss\u00f5es simult\u00e2neas ao vivo, determinando quais smartphones ir\u00e3o visualiz\u00e1-las.<br><strong>ENQUETES<\/strong><br>Esta ferramenta possibilita que a empresa avalie seu momento. Identifique em tempo real a percep\u00e7\u00e3o dos seus usu\u00e1rios e tome rapidamente as a\u00e7\u00f5es necess\u00e1rias.<\/p>\n","protected":false},"excerpt":{"rendered":"<p>APRESENTA\u00c7\u00c3O DE CONTE\u00daDOSEm nosso APP os conte\u00fados s\u00e3o apresentados em forma de slide show.PESQUISAVoc\u00ea pode utilizar o bot\u00e3o de pesquisa para localizar conte\u00fado ou utilizar o menu para agrup\u00e1-los por &#8230;<\/p>\n","protected":false},"author":1,"featured_media":0,"parent":19,"menu_order":5,"comment_status":"closed","ping_status":"closed","template":"","meta":[],"_links":{"self":[{"href":"https:\/\/mgmarcon.com.br\/index.php?rest_route=\/wp\/v2\/pages\/45"}],"collection":[{"href":"https:\/\/mgmarcon.com.br\/index.php?rest_route=\/wp\/v2\/pages"}],"about":[{"href":"https:\/\/mgmarcon.com.br\/index.php?rest_route=\/wp\/v2\/types\/page"}],"author":[{"embeddable":true,"href":"https:\/\/mgmarcon.com.br\/index.php?rest_route=\/wp\/v2\/users\/1"}],"replies":[{"embeddable":true,"href":"https:\/\/mgmarcon.com.br\/index.php?rest_route=%2Fwp%2Fv2%2Fcomments&post=45"}],"version-history":[{"count":7,"href":"https:\/\/mgmarcon.com.br\/index.php?rest_route=\/wp\/v2\/pages\/45\/revisions"}],"predecessor-version":[{"id":161,"href":"https:\/\/mgmarcon.com.br\/index.php?rest_route=\/wp\/v2\/pages\/45\/revisions\/161"}],"up":[{"embeddable":true,"href":"https:\/\/mgmarcon.com.br\/index.php?rest_route=\/wp\/v2\/pages\/19"}],"wp:attachment":[{"href":"https:\/\/mgmarcon.com.br\/index.php?rest_route=%2Fwp%2Fv2%2Fmedia&parent=45"}],"curies":[{"name":"wp","href":"https:\/\/api.w.org\/{rel}","templated":true}]}}